{"id":42,"date":"2014-06-03T11:58:39","date_gmt":"2014-06-03T15:58:39","guid":{"rendered":"http:\/\/camacuri.caribmedia.com\/?page_id=42"},"modified":"2014-07-07T16:25:36","modified_gmt":"2014-07-07T20:25:36","slug":"de-appartementen","status":"publish","type":"page","link":"https:\/\/www.camacuri.com\/nl\/de-appartementen\/","title":{"rendered":"De Appartementen"},"content":{"rendered":"<p>Onze ruime appartementen hebben een lichte, praktische inrichting. Ze zijn gelegen aan de bloemrijke binnenplaats of in de tropische tuin, met het zwembad. De appartementen zijn geschikt voor 1 tot maximaal 5 personen. Elk appartement heeft een volledig ingerichte keuken en een eethoek. Er is minimaal \u00e9\u00e9n priv\u00e9 buitenzitplaats per appartement. De appartementen hebben airconditioning in de slaapkamers en televisie in de zitkamer.<\/p>\n<div id=\"appartementen\" class=\"article-list\"><div class=\"article no-content article-48\"><h2><a href=\"https:\/\/www.camacuri.com\/nl\/studio\/\" class=\"permalink\">Studio<\/a><\/h2><a href=\"https:\/\/www.camacuri.com\/nl\/studio\/\" class=\"thumb\"><img decoding=\"async\" src=\"https:\/\/www.camacuri.com\/nl\/wp-content\/uploads\/sites\/3\/2014\/06\/IMG_0269_2-480x480.jpg\" class=\"post-thumb\" \/><\/a><hr><\/div><div class=\"article no-content article-50\"><h2><a href=\"https:\/\/www.camacuri.com\/nl\/een-slaapkamer-appartement\/\" class=\"permalink\">E\u00e9n slaapkamer appartement<\/a><\/h2><a href=\"https:\/\/www.camacuri.com\/nl\/een-slaapkamer-appartement\/\" class=\"thumb\"><img decoding=\"async\" src=\"https:\/\/www.camacuri.com\/nl\/wp-content\/uploads\/sites\/3\/2014\/06\/IMG_9816-480x480.jpg\" class=\"post-thumb\" \/><\/a><hr><\/div><div class=\"article no-content article-52\"><h2><a href=\"https:\/\/www.camacuri.com\/nl\/deluxe-een-slaapkamer-appartement\/\" class=\"permalink\">Deluxe \u00e9\u00e9n slaapkamer appartement<\/a><\/h2><a href=\"https:\/\/www.camacuri.com\/nl\/deluxe-een-slaapkamer-appartement\/\" class=\"thumb\"><img decoding=\"async\" src=\"https:\/\/www.camacuri.com\/nl\/wp-content\/uploads\/sites\/3\/2014\/06\/IMG_0295-480x480.jpg\" class=\"post-thumb\" \/><\/a><hr><\/div><div class=\"article no-content article-54\"><h2><a href=\"https:\/\/www.camacuri.com\/nl\/twee-slaapkamer-appartement\/\" class=\"permalink\">Twee slaapkamer appartement<\/a><\/h2><a href=\"https:\/\/www.camacuri.com\/nl\/twee-slaapkamer-appartement\/\" class=\"thumb\"><img decoding=\"async\" src=\"https:\/\/www.camacuri.com\/nl\/wp-content\/uploads\/sites\/3\/2014\/06\/IMG_0329_2-480x480.jpg\" class=\"post-thumb\" \/><\/a><hr><\/div><\/div>\n","protected":false},"excerpt":{"rendered":"<p>Onze ruime appartementen hebben een lichte, praktische inrichting. Ze zijn gelegen aan de bloemrijke binnenplaats of in de tropische tuin, met het zwembad. De appartementen zijn geschikt voor 1 tot maximaal 5 personen. Elk appartement heeft een volledig ingerichte keuken en een eethoek. Er is minimaal \u00e9\u00e9n priv\u00e9 buitenzitplaats per appartement. De appartementen hebben airconditioning&#8230; <a class=\"more-link\" href=\"https:\/\/www.camacuri.com\/nl\/twee-slaapkamer-appartement\/\">more <span>&raquo;<\/span><\/a><\/p>\n","protected":false},"author":1,"featured_media":236,"parent":0,"menu_order":0,"comment_status":"closed","ping_status":"closed","template":"","meta":{"footnotes":""},"class_list":["post-42","page","type-page","status-publish","has-post-thumbnail","hentry"],"_links":{"self":[{"href":"https:\/\/www.camacuri.com\/nl\/wp-json\/wp\/v2\/pages\/42","targetHints":{"allow":["GET"]}}],"collection":[{"href":"https:\/\/www.camacuri.com\/nl\/wp-json\/wp\/v2\/pages"}],"about":[{"href":"https:\/\/www.camacuri.com\/nl\/wp-json\/wp\/v2\/types\/page"}],"author":[{"embeddable":true,"href":"https:\/\/www.camacuri.com\/nl\/wp-json\/wp\/v2\/users\/1"}],"replies":[{"embeddable":true,"href":"https:\/\/www.camacuri.com\/nl\/wp-json\/wp\/v2\/comments?post=42"}],"version-history":[{"count":3,"href":"https:\/\/www.camacuri.com\/nl\/wp-json\/wp\/v2\/pages\/42\/revisions"}],"predecessor-version":[{"id":254,"href":"https:\/\/www.camacuri.com\/nl\/wp-json\/wp\/v2\/pages\/42\/revisions\/254"}],"wp:featuredmedia":[{"embeddable":true,"href":"https:\/\/www.camacuri.com\/nl\/wp-json\/wp\/v2\/media\/236"}],"wp:attachment":[{"href":"https:\/\/www.camacuri.com\/nl\/wp-json\/wp\/v2\/media?parent=42"}],"curies":[{"name":"wp","href":"https:\/\/api.w.org\/{rel}","templated":true}]}}