{"id":22,"date":"2014-06-02T12:23:28","date_gmt":"2014-06-02T16:23:28","guid":{"rendered":"http:\/\/camacuri.caribmedia.com\/?page_id=22"},"modified":"2014-08-19T11:40:15","modified_gmt":"2014-08-19T15:40:15","slug":"over-camacuri","status":"publish","type":"page","link":"https:\/\/www.camacuri.com\/nl\/over-camacuri\/","title":{"rendered":"Over Camacuri"},"content":{"rendered":"<h2>Geschiedenis van Camacuri Residence &amp; Apartments<\/h2>\n<div id=\"attachment_187\" style=\"width: 490px\" class=\"wp-caption alignright\"><a href=\"\/nl\/over-camacuri\/attachment\/map-camacuri-2\/\" rel=\"attachment wp-att-187\"><img loading=\"lazy\" decoding=\"async\" aria-describedby=\"caption-attachment-187\" class=\"wp-image-187 size-medium\" src=\"\/nl\/wp-content\/uploads\/sites\/3\/2014\/06\/Map-Camacuri-2-480x342.jpg\" alt=\"Map Camacuri \" width=\"480\" height=\"342\" srcset=\"https:\/\/www.camacuri.com\/nl\/wp-content\/uploads\/sites\/3\/2014\/06\/Map-Camacuri-2-480x342.jpg 480w, https:\/\/www.camacuri.com\/nl\/wp-content\/uploads\/sites\/3\/2014\/06\/Map-Camacuri-2-1024x730.jpg 1024w, https:\/\/www.camacuri.com\/nl\/wp-content\/uploads\/sites\/3\/2014\/06\/Map-Camacuri-2-400x285.jpg 400w, https:\/\/www.camacuri.com\/nl\/wp-content\/uploads\/sites\/3\/2014\/06\/Map-Camacuri-2-500x356.jpg 500w, https:\/\/www.camacuri.com\/nl\/wp-content\/uploads\/sites\/3\/2014\/06\/Map-Camacuri-2-600x428.jpg 600w, https:\/\/www.camacuri.com\/nl\/wp-content\/uploads\/sites\/3\/2014\/06\/Map-Camacuri-2-700x499.jpg 700w, https:\/\/www.camacuri.com\/nl\/wp-content\/uploads\/sites\/3\/2014\/06\/Map-Camacuri-2.jpg 1600w\" sizes=\"auto, (max-width: 480px) 100vw, 480px\" \/><\/a><p id=\"caption-attachment-187\" class=\"wp-caption-text\">Plattegrond van het terrein en de ligging van de appartementen.<\/p><\/div>\n<p>Camacuri Residence &amp; Apartments is gebouwd in de tachtiger jaren. Bij de start waren er 23 appartementen: studio\u2019s en \u00e9\u00e9n slaapkamer appartementen. Het zwembad lag tussen deze appartementen in. Later, begin jaren \u201890, zijn de luxere \u00e9\u00e9n slaapkamer appartementen en de twee-slaapkamer appartementen bijgebouwd. Het zwembad werd verplaatst naar de ruimere tropische tuin tussen deze nieuwe appartementen.<\/p>\n<p>Camacuri Residence &amp; Apartments bestaat nu uit 39 appartementen. De studio\u2019s en de standaard \u00e9\u00e9n slaapkamer appartementen liggen aan de binnenplaats en de deluxe \u00e9\u00e9n slaapkamer appartementen en de twee-slaapkamer appartementen kijken uit op de tropische tuin met zwembad.<\/p>\n<p>De oppervlakte van het complex bedraagt ruim 5000 m2.<\/p>\n<h2>Ligging<\/h2>\n<p>Camacuri Residence &amp; Apartments is centraal gelegen op Aruba. Het ligt net buiten het centrum, waardoor het er verbazend stil en rustig is. Camacuri ligt op 10 minuten lopen van een prachtig, gezellig strand (Nikky beach) en op 5 minuten van een supermarkt, winkels en bushalte. Het stadscentrum van Oranjestad met shopping malls en uitgaansleven is ca. 15 minuten te voet. Het vliegveld is ca. 5 minuten rijden.<\/p>\n<div class=\"map-wrap\"><iframe loading=\"lazy\" id=\"gmap\" style=\"border: 0;\" src=\"https:\/\/www.google.com\/maps\/embed?pb=!1m27!1m12!1m3!1d7790.238210811535!2d-70.0275133234087!3d12.508263695017519!2m3!1f0!2f0!3f0!3m2!1i1024!2i768!4f13.1!4m12!1i0!3e0!4m3!3m2!1d12.509020399999999!2d-70.02715839999999!4m5!1s0x8e8538c129021675%3A0x6619a09e8d43df10!2sCamacuri+Residence+%26+Apartments%2C+46+B+Avenida+Milio+Croes%2C+Oranjestad%2C+Aruba!3m2!1d12.511!2d-70.023296!5e0!3m2!1sen!2sus!4v1403097550131\" width=\"100%\" height=\"600\" frameborder=\"0\"><\/iframe><\/div>\n<h2>Maatschappelijke verantwoordelijkheid<\/h2>\n<p>We proberen bij Camacuri zo verantwoordelijk mogelijk te werk te gaan, met energie, water, afval en zeker niet te vergeten ons personeel. We pretenderen niet dat we volledig duurzaam werken, maar doen wel ons best om de mogelijkheden hiertoe te benutten. Enkele voorbeelden van hoe we werken:<\/p>\n<ul>\n<li>We scheiden afval &#8211; binnen de Arubaanse mogelijkheden hiervoor &#8211; en geven onze gasten de gelegenheid hetzelfde te doen.<\/li>\n<li>Het gezuiverde afvalwater wordt gebruikt voor de bewatering van de tuinen.<\/li>\n<li>We stimuleren gasten om handdoeken meerdere malen te gebruiken.<\/li>\n<li>We adviseren gasten de bus te nemen; er is een bushalte vlakbij, waarvandaan je bijna overal op het eiland kunt komen.<\/li>\n<li>We stimuleren gasten om zuinig om te gaan met water en energie, bijvoorbeeld de airco uitzetten als men weggaat.<\/li>\n<li>We cre\u00ebren een respectvolle en prettige werkomgeving voor gemotiveerde medewerkers en staan open voor suggesties van het personeel.<\/li>\n<li>Indien nodig verzorgen we trainingen voor personeel dat een extra steuntje in de rug kan gebruiken.<\/li>\n<\/ul>\n<p>Natuurlijk zijn er mogelijkheden om duurzamer te gaan werken.<br \/>\nWe zijn aan het bekijken of het haalbaar is om zonnepanelen te plaatsen, om milieu-vriendelijkere schoonmaakmiddelen te gebruiken en om motion-sensors te plaatsen zodat lichten vanzelf aan- en uitgaan. En we zijn bezig met het aangaan van samenwerkingsverbanden met andere appartementencomplexen op het eiland, teneinde onder andere op MVO gebied schaalvergroting te realiseren.<\/p>\n<p>Graag werken we samen met u, onze gast, om Camacuri zo duurzaam mogelijk te maken!<\/p>\n<p>Heeft u vragen over Camacuri ? Neem gerust <a href=\"\/contact\/\">contact<\/a> met ons op.<\/p>\n","protected":false},"excerpt":{"rendered":"<p>Geschiedenis van Camacuri Residence &amp; Apartments Camacuri Residence &amp; Apartments is gebouwd in de tachtiger jaren. Bij de start waren er 23 appartementen: studio\u2019s en \u00e9\u00e9n slaapkamer appartementen. Het zwembad lag tussen deze appartementen in. Later, begin jaren \u201890, zijn de luxere \u00e9\u00e9n slaapkamer appartementen en de twee-slaapkamer appartementen bijgebouwd. Het zwembad werd verplaatst naar&#8230; <a class=\"more-link\" href=\"https:\/\/www.camacuri.com\/nl\/over-camacuri\/\">more <span>&raquo;<\/span><\/a><\/p>\n","protected":false},"author":1,"featured_media":239,"parent":0,"menu_order":0,"comment_status":"closed","ping_status":"closed","template":"","meta":{"footnotes":""},"class_list":["post-22","page","type-page","status-publish","has-post-thumbnail","hentry"],"_links":{"self":[{"href":"https:\/\/www.camacuri.com\/nl\/wp-json\/wp\/v2\/pages\/22","targetHints":{"allow":["GET"]}}],"collection":[{"href":"https:\/\/www.camacuri.com\/nl\/wp-json\/wp\/v2\/pages"}],"about":[{"href":"https:\/\/www.camacuri.com\/nl\/wp-json\/wp\/v2\/types\/page"}],"author":[{"embeddable":true,"href":"https:\/\/www.camacuri.com\/nl\/wp-json\/wp\/v2\/users\/1"}],"replies":[{"embeddable":true,"href":"https:\/\/www.camacuri.com\/nl\/wp-json\/wp\/v2\/comments?post=22"}],"version-history":[{"count":10,"href":"https:\/\/www.camacuri.com\/nl\/wp-json\/wp\/v2\/pages\/22\/revisions"}],"predecessor-version":[{"id":336,"href":"https:\/\/www.camacuri.com\/nl\/wp-json\/wp\/v2\/pages\/22\/revisions\/336"}],"wp:featuredmedia":[{"embeddable":true,"href":"https:\/\/www.camacuri.com\/nl\/wp-json\/wp\/v2\/media\/239"}],"wp:attachment":[{"href":"https:\/\/www.camacuri.com\/nl\/wp-json\/wp\/v2\/media?parent=22"}],"curies":[{"name":"wp","href":"https:\/\/api.w.org\/{rel}","templated":true}]}}