{"id":15,"date":"2014-06-02T12:11:58","date_gmt":"2014-06-02T16:11:58","guid":{"rendered":"http:\/\/camacuri.caribmedia.com\/?page_id=15"},"modified":"2025-08-26T10:48:48","modified_gmt":"2025-08-26T14:48:48","slug":"prijzen-van-onze-appartementen","status":"publish","type":"page","link":"https:\/\/www.camacuri.com\/nl\/prijzen-van-onze-appartementen\/","title":{"rendered":"Prijzen Van Onze Appartementen"},"content":{"rendered":"<p><strong>Bij Camacuri Residence &amp; Apartments Aruba verblijft u voordelig in comfortabele, compleet uitgeruste appartementen. Ervaar het zelf!<\/strong><\/p>\n\n\t\t<style type=\"text\/css\">\n\t\t\t#gallery-1 {\n\t\t\t\tmargin: auto;\n\t\t\t}\n\t\t\t#gallery-1 .gallery-item {\n\t\t\t\tfloat: left;\n\t\t\t\tmargin-top: 10px;\n\t\t\t\ttext-align: center;\n\t\t\t\twidth: 25%;\n\t\t\t}\n\t\t\t#gallery-1 img {\n\t\t\t\tborder: 2px solid #cfcfcf;\n\t\t\t}\n\t\t\t#gallery-1 .gallery-caption {\n\t\t\t\tmargin-left: 0;\n\t\t\t}\n\t\t\t\/* see gallery_shortcode() in wp-includes\/media.php *\/\n\t\t<\/style>\n\t\t<div id='gallery-1' class='gallery galleryid-15 gallery-columns-4 gallery-size-thumbnail'><dl class='gallery-item'>\n\t\t\t<dt class='gallery-icon landscape'>\n\t\t\t\t<a href='https:\/\/www.camacuri.com\/nl\/wp-content\/uploads\/sites\/3\/2014\/06\/IMG_9254_1.jpg'><img loading=\"lazy\" decoding=\"async\" width=\"240\" height=\"240\" src=\"https:\/\/www.camacuri.com\/nl\/wp-content\/uploads\/sites\/3\/2014\/06\/IMG_9254_1-240x240.jpg\" class=\"attachment-thumbnail size-thumbnail\" alt=\"\" srcset=\"https:\/\/www.camacuri.com\/nl\/wp-content\/uploads\/sites\/3\/2014\/06\/IMG_9254_1-240x240.jpg 240w, https:\/\/www.camacuri.com\/nl\/wp-content\/uploads\/sites\/3\/2014\/06\/IMG_9254_1-50x50.jpg 50w, https:\/\/www.camacuri.com\/nl\/wp-content\/uploads\/sites\/3\/2014\/06\/IMG_9254_1-480x480.jpg 480w\" sizes=\"auto, (max-width: 240px) 100vw, 240px\" \/><\/a>\n\t\t\t<\/dt><\/dl><dl class='gallery-item'>\n\t\t\t<dt class='gallery-icon landscape'>\n\t\t\t\t<a href='https:\/\/www.camacuri.com\/nl\/wp-content\/uploads\/sites\/3\/2014\/06\/IMG_0307_1.jpg'><img loading=\"lazy\" decoding=\"async\" width=\"240\" height=\"240\" src=\"https:\/\/www.camacuri.com\/nl\/wp-content\/uploads\/sites\/3\/2014\/06\/IMG_0307_1-240x240.jpg\" class=\"attachment-thumbnail size-thumbnail\" alt=\"\" srcset=\"https:\/\/www.camacuri.com\/nl\/wp-content\/uploads\/sites\/3\/2014\/06\/IMG_0307_1-240x240.jpg 240w, https:\/\/www.camacuri.com\/nl\/wp-content\/uploads\/sites\/3\/2014\/06\/IMG_0307_1-50x50.jpg 50w, https:\/\/www.camacuri.com\/nl\/wp-content\/uploads\/sites\/3\/2014\/06\/IMG_0307_1-480x480.jpg 480w\" sizes=\"auto, (max-width: 240px) 100vw, 240px\" \/><\/a>\n\t\t\t<\/dt><\/dl><dl class='gallery-item'>\n\t\t\t<dt class='gallery-icon landscape'>\n\t\t\t\t<a href='https:\/\/www.camacuri.com\/nl\/wp-content\/uploads\/sites\/3\/2014\/06\/IMG_0392.jpg'><img loading=\"lazy\" decoding=\"async\" width=\"240\" height=\"240\" src=\"https:\/\/www.camacuri.com\/nl\/wp-content\/uploads\/sites\/3\/2014\/06\/IMG_0392-240x240.jpg\" class=\"attachment-thumbnail size-thumbnail\" alt=\"\" srcset=\"https:\/\/www.camacuri.com\/nl\/wp-content\/uploads\/sites\/3\/2014\/06\/IMG_0392-240x240.jpg 240w, https:\/\/www.camacuri.com\/nl\/wp-content\/uploads\/sites\/3\/2014\/06\/IMG_0392-50x50.jpg 50w, https:\/\/www.camacuri.com\/nl\/wp-content\/uploads\/sites\/3\/2014\/06\/IMG_0392-480x480.jpg 480w\" sizes=\"auto, (max-width: 240px) 100vw, 240px\" \/><\/a>\n\t\t\t<\/dt><\/dl><dl class='gallery-item'>\n\t\t\t<dt class='gallery-icon landscape'>\n\t\t\t\t<a href='https:\/\/www.camacuri.com\/nl\/wp-content\/uploads\/sites\/3\/2014\/06\/IMG_02951.jpg'><img loading=\"lazy\" decoding=\"async\" width=\"240\" height=\"240\" src=\"https:\/\/www.camacuri.com\/nl\/wp-content\/uploads\/sites\/3\/2014\/06\/IMG_02951-240x240.jpg\" class=\"attachment-thumbnail size-thumbnail\" alt=\"\" srcset=\"https:\/\/www.camacuri.com\/nl\/wp-content\/uploads\/sites\/3\/2014\/06\/IMG_02951-240x240.jpg 240w, https:\/\/www.camacuri.com\/nl\/wp-content\/uploads\/sites\/3\/2014\/06\/IMG_02951-50x50.jpg 50w, https:\/\/www.camacuri.com\/nl\/wp-content\/uploads\/sites\/3\/2014\/06\/IMG_02951-480x480.jpg 480w\" sizes=\"auto, (max-width: 240px) 100vw, 240px\" \/><\/a>\n\t\t\t<\/dt><\/dl><br style=\"clear: both\" \/>\n\t\t<\/div>\n\n<p><strong>Prijzen van appartementen zijn in US$ per nacht<\/strong><\/p>\n<h2>LAAG SEIZOEN<\/h2>\n<h3>April 1 &#8211; December 15, 2025<\/h3>\n<table>\n<tbody>\n<tr>\n<th><\/th>\n<th>Prijzen<\/th>\n<th>Capaciteit<\/th>\n<\/tr>\n<tr>\n<td><strong>Studio<\/strong><\/td>\n<td>$125<\/td>\n<td><strong>2 gasten<\/strong><\/td>\n<\/tr>\n<tr>\n<td><strong>E\u00e9n slaapkamer appartement<\/strong><\/td>\n<td>$135<\/td>\n<td><strong>2 gasten<\/strong><\/td>\n<\/tr>\n<tr>\n<td><strong>Deluxe \u00e9\u00e9n slaapkamer appartement<\/strong><\/td>\n<td>$150<\/td>\n<td><strong>2 gasten<\/strong><\/td>\n<\/tr>\n<tr>\n<td><strong>Twee slaapkamer appartement<\/strong><\/td>\n<td>$175<\/td>\n<td><strong>4 gasten<\/strong><\/td>\n<\/tr>\n<tr>\n<td><strong>Extra bed (per nacht)<\/strong><\/td>\n<td>$25<\/td>\n<td><\/td>\n<\/tr>\n<\/tbody>\n<\/table>\n<h2>HOOG SEIZOEN<\/h2>\n<h3>December 1, 2023 &#8211; Maart 31, 2024<\/h3>\n<table>\n<tbody>\n<tr>\n<th><\/th>\n<th>Prijzen<\/th>\n<th>Capaciteit<\/th>\n<\/tr>\n<tr>\n<td><strong>Studio<\/strong><\/td>\n<td>$135<\/td>\n<td><strong>2 gasten<\/strong><\/td>\n<\/tr>\n<tr>\n<td><strong>E\u00e9n slaapkamer appartement<\/strong><\/td>\n<td>$145<\/td>\n<td><strong>2 gasten<\/strong><\/td>\n<\/tr>\n<tr>\n<td><strong>Deluxe \u00e9\u00e9n slaapkamer appartement<\/strong><\/td>\n<td>$160<\/td>\n<td><strong>2 gasten<\/strong><\/td>\n<\/tr>\n<tr>\n<td><strong>Twee slaapkamer appartement<\/strong><\/td>\n<td>$185<\/td>\n<td><strong>4 gasten<\/strong><\/td>\n<\/tr>\n<tr>\n<td><strong>Extra bed (per nacht)<\/strong><\/td>\n<td>$25<\/td>\n<td><\/td>\n<\/tr>\n<\/tbody>\n<\/table>\n<h2>Hoe maakt U een reservering<\/h2>\n<ul>\n<li><a href=\"https:\/\/live.ipms247.com\/booking\/book-rooms-camacuriresidenceapartments\">Maak hier alstublieft uw reservering<\/a> of bel <a class=\"tel\" href=\"+2975826805\">+(297) 582-6805<\/a>.<\/li>\n<li>U ontvangt binnen 24 uur onze reactie met daarbij de betalingsgegevens.<\/li>\n<li>Voor het definitief maken van uw reservering vragen wij om een aanbetaling van EUR 200,-, te voldoen via creditcard of overboeking.<\/li>\n<li>Na aanbetaling ontvangt u binnen 24 uur de bevestiging van uw reservering.<\/li>\n<\/ul>\n<p><em>De prijzen zijn inclusief Arubaanse verblijfs- en toeristenbelastingen.<\/em><br \/>\n<em>Alle prijzen zijn in US Dollars (USD) en onderhevig aan prijswijzigingen zonder vooraankondiging. In onze bevestiging geven we u de definitieve prijs voor uw verblijf.<\/em><\/p>\n","protected":false},"excerpt":{"rendered":"<p>Bij Camacuri Residence &amp; Apartments Aruba verblijft u voordelig in comfortabele, compleet uitgeruste appartementen. Ervaar het zelf! Prijzen van appartementen zijn in US$ per nacht LAAG SEIZOEN April 1 &#8211; December 15, 2025 Prijzen Capaciteit Studio $125 2 gasten E\u00e9n slaapkamer appartement $135 2 gasten Deluxe \u00e9\u00e9n slaapkamer appartement $150 2 gasten Twee slaapkamer appartement&#8230; <a class=\"more-link\" href=\"https:\/\/www.camacuri.com\/nl\/prijzen-van-onze-appartementen\/\">more <span>&raquo;<\/span><\/a><\/p>\n","protected":false},"author":1,"featured_media":282,"parent":0,"menu_order":0,"comment_status":"closed","ping_status":"closed","template":"","meta":{"footnotes":""},"class_list":["post-15","page","type-page","status-publish","has-post-thumbnail","hentry"],"_links":{"self":[{"href":"https:\/\/www.camacuri.com\/nl\/wp-json\/wp\/v2\/pages\/15","targetHints":{"allow":["GET"]}}],"collection":[{"href":"https:\/\/www.camacuri.com\/nl\/wp-json\/wp\/v2\/pages"}],"about":[{"href":"https:\/\/www.camacuri.com\/nl\/wp-json\/wp\/v2\/types\/page"}],"author":[{"embeddable":true,"href":"https:\/\/www.camacuri.com\/nl\/wp-json\/wp\/v2\/users\/1"}],"replies":[{"embeddable":true,"href":"https:\/\/www.camacuri.com\/nl\/wp-json\/wp\/v2\/comments?post=15"}],"version-history":[{"count":18,"href":"https:\/\/www.camacuri.com\/nl\/wp-json\/wp\/v2\/pages\/15\/revisions"}],"predecessor-version":[{"id":403,"href":"https:\/\/www.camacuri.com\/nl\/wp-json\/wp\/v2\/pages\/15\/revisions\/403"}],"wp:featuredmedia":[{"embeddable":true,"href":"https:\/\/www.camacuri.com\/nl\/wp-json\/wp\/v2\/media\/282"}],"wp:attachment":[{"href":"https:\/\/www.camacuri.com\/nl\/wp-json\/wp\/v2\/media?parent=15"}],"curies":[{"name":"wp","href":"https:\/\/api.w.org\/{rel}","templated":true}]}}