{"id":42,"date":"2014-06-03T11:58:39","date_gmt":"2014-06-03T15:58:39","guid":{"rendered":"http:\/\/camacuri.caribmedia.com\/?page_id=42"},"modified":"2014-07-07T11:47:39","modified_gmt":"2014-07-07T15:47:39","slug":"los-apartmentos","status":"publish","type":"page","link":"https:\/\/www.camacuri.com\/es\/los-apartmentos\/","title":{"rendered":"Los Apartamentos"},"content":{"rendered":"<p>Nuestros amplios apartamentos tienen una decoraci\u00f3n luminosa y funcional. Est\u00e1n ubicados en el patio acogedor o en el jard\u00edn tropical con piscina. Los apartamentos son adecuados para 1 a 5 personas. Cada apartamento dispone de una cocina completamente equipada y una zona de comedor. Hay por lo menos un espacio privado al aire libre por apartamento. Los apartamentos disponen de aire acondicionado en los dormitorios y televisi\u00f3n en la sala.<\/p>\n<div id=\"\" class=\"article-list\"><div class=\"article no-content article-48\"><h2><a href=\"https:\/\/www.camacuri.com\/es\/apartamentos\/apartamento-estudio\/\" class=\"permalink\">Apartamento estudio<\/a><\/h2><a href=\"https:\/\/www.camacuri.com\/es\/apartamentos\/apartamento-estudio\/\" class=\"thumb\"><img decoding=\"async\" src=\"https:\/\/www.camacuri.com\/es\/wp-content\/uploads\/sites\/2\/2014\/06\/IMG_0269_2-480x480.jpg\" class=\"post-thumb\" \/><\/a><hr><\/div><div class=\"article no-content article-50\"><h2><a href=\"https:\/\/www.camacuri.com\/es\/apartamentos\/apartamento-de-un-dormitorio\/\" class=\"permalink\">Apartamento de un dormitorio<\/a><\/h2><a href=\"https:\/\/www.camacuri.com\/es\/apartamentos\/apartamento-de-un-dormitorio\/\" class=\"thumb\"><img decoding=\"async\" src=\"https:\/\/www.camacuri.com\/es\/wp-content\/uploads\/sites\/2\/2014\/06\/IMG_9816-480x480.jpg\" class=\"post-thumb\" \/><\/a><hr><\/div><div class=\"article no-content article-52\"><h2><a href=\"https:\/\/www.camacuri.com\/es\/apartamentos\/apartamento-de-un-dormitorio-deluxe\/\" class=\"permalink\">Apartamento de un dormitorio deluxe<\/a><\/h2><a href=\"https:\/\/www.camacuri.com\/es\/apartamentos\/apartamento-de-un-dormitorio-deluxe\/\" class=\"thumb\"><img decoding=\"async\" src=\"https:\/\/www.camacuri.com\/es\/wp-content\/uploads\/sites\/2\/2014\/06\/IMG_0295-480x480.jpg\" class=\"post-thumb\" \/><\/a><hr><\/div><div class=\"article no-content article-54\"><h2><a href=\"https:\/\/www.camacuri.com\/es\/apartamentos\/reserve-un-apartamento-de-dos-dormitorios\/\" class=\"permalink\">Apartamento de dos domitorios<\/a><\/h2><a href=\"https:\/\/www.camacuri.com\/es\/apartamentos\/reserve-un-apartamento-de-dos-dormitorios\/\" class=\"thumb\"><img decoding=\"async\" src=\"https:\/\/www.camacuri.com\/es\/wp-content\/uploads\/sites\/2\/2014\/06\/IMG_0329_2-480x480.jpg\" class=\"post-thumb\" \/><\/a><hr><\/div><\/div>\n","protected":false},"excerpt":{"rendered":"<p>Nuestros amplios apartamentos tienen una decoraci\u00f3n luminosa y funcional. Est\u00e1n ubicados en el patio acogedor o en el jard\u00edn tropical con piscina. Los apartamentos son adecuados para 1 a 5 personas. Cada apartamento dispone de una cocina completamente equipada y una zona de comedor. Hay por lo menos un espacio privado al aire libre por&#8230; <a class=\"more-link\" href=\"https:\/\/www.camacuri.com\/es\/apartamentos\/reserve-un-apartamento-de-dos-dormitorios\/\">more <span>&raquo;<\/span><\/a><\/p>\n","protected":false},"author":1,"featured_media":288,"parent":0,"menu_order":0,"comment_status":"closed","ping_status":"closed","template":"","meta":{"footnotes":""},"class_list":["post-42","page","type-page","status-publish","has-post-thumbnail","hentry"],"_links":{"self":[{"href":"https:\/\/www.camacuri.com\/es\/wp-json\/wp\/v2\/pages\/42","targetHints":{"allow":["GET"]}}],"collection":[{"href":"https:\/\/www.camacuri.com\/es\/wp-json\/wp\/v2\/pages"}],"about":[{"href":"https:\/\/www.camacuri.com\/es\/wp-json\/wp\/v2\/types\/page"}],"author":[{"embeddable":true,"href":"https:\/\/www.camacuri.com\/es\/wp-json\/wp\/v2\/users\/1"}],"replies":[{"embeddable":true,"href":"https:\/\/www.camacuri.com\/es\/wp-json\/wp\/v2\/comments?post=42"}],"version-history":[{"count":3,"href":"https:\/\/www.camacuri.com\/es\/wp-json\/wp\/v2\/pages\/42\/revisions"}],"predecessor-version":[{"id":267,"href":"https:\/\/www.camacuri.com\/es\/wp-json\/wp\/v2\/pages\/42\/revisions\/267"}],"wp:featuredmedia":[{"embeddable":true,"href":"https:\/\/www.camacuri.com\/es\/wp-json\/wp\/v2\/media\/288"}],"wp:attachment":[{"href":"https:\/\/www.camacuri.com\/es\/wp-json\/wp\/v2\/media?parent=42"}],"curies":[{"name":"wp","href":"https:\/\/api.w.org\/{rel}","templated":true}]}}