{"id":37,"date":"2014-06-02T16:45:24","date_gmt":"2014-06-02T20:45:24","guid":{"rendered":"http:\/\/camacuri.caribmedia.com\/?page_id=37"},"modified":"2026-02-05T09:51:40","modified_gmt":"2026-02-05T13:51:40","slug":"reservar","status":"publish","type":"page","link":"https:\/\/www.camacuri.com\/es\/reservar\/","title":{"rendered":"Solicitud de reservaci\u00f3n"},"content":{"rendered":"<p>S\u00edrv\u00e1se completar el siguiente formulario para solicitar una reservaci\u00f3n de su apartamento. Recibir\u00e1 nuestra respuesta dentro de 24 horas.<\/p>\n","protected":false},"excerpt":{"rendered":"<p>S\u00edrv\u00e1se completar el siguiente formulario para solicitar una reservaci\u00f3n de su apartamento. Recibir\u00e1 nuestra respuesta dentro de 24 horas.<\/p>\n","protected":false},"author":1,"featured_media":307,"parent":0,"menu_order":0,"comment_status":"closed","ping_status":"closed","template":"page-nocta.php","meta":{"footnotes":""},"class_list":["post-37","page","type-page","status-publish","has-post-thumbnail","hentry"],"_links":{"self":[{"href":"https:\/\/www.camacuri.com\/es\/wp-json\/wp\/v2\/pages\/37","targetHints":{"allow":["GET"]}}],"collection":[{"href":"https:\/\/www.camacuri.com\/es\/wp-json\/wp\/v2\/pages"}],"about":[{"href":"https:\/\/www.camacuri.com\/es\/wp-json\/wp\/v2\/types\/page"}],"author":[{"embeddable":true,"href":"https:\/\/www.camacuri.com\/es\/wp-json\/wp\/v2\/users\/1"}],"replies":[{"embeddable":true,"href":"https:\/\/www.camacuri.com\/es\/wp-json\/wp\/v2\/comments?post=37"}],"version-history":[{"count":12,"href":"https:\/\/www.camacuri.com\/es\/wp-json\/wp\/v2\/pages\/37\/revisions"}],"predecessor-version":[{"id":432,"href":"https:\/\/www.camacuri.com\/es\/wp-json\/wp\/v2\/pages\/37\/revisions\/432"}],"wp:featuredmedia":[{"embeddable":true,"href":"https:\/\/www.camacuri.com\/es\/wp-json\/wp\/v2\/media\/307"}],"wp:attachment":[{"href":"https:\/\/www.camacuri.com\/es\/wp-json\/wp\/v2\/media?parent=37"}],"curies":[{"name":"wp","href":"https:\/\/api.w.org\/{rel}","templated":true}]}}