{"id":22,"date":"2014-06-02T12:23:28","date_gmt":"2014-06-02T16:23:28","guid":{"rendered":"http:\/\/camacuri.caribmedia.com\/?page_id=22"},"modified":"2014-08-19T11:37:10","modified_gmt":"2014-08-19T15:37:10","slug":"sobre-camacuri","status":"publish","type":"page","link":"https:\/\/www.camacuri.com\/es\/sobre-camacuri\/","title":{"rendered":"Sobre Camacuri"},"content":{"rendered":"<h2>Historia de Camacuri Residence &amp; Apartments<\/h2>\n<div id=\"attachment_207\" style=\"width: 490px\" class=\"wp-caption alignright\"><a href=\"\/es\/sobre-camacuri\/attachment\/map-camacuri-2\/\" rel=\"attachment wp-att-207\"><img loading=\"lazy\" decoding=\"async\" aria-describedby=\"caption-attachment-207\" class=\"wp-image-207 size-medium\" src=\"\/es\/wp-content\/uploads\/sites\/2\/2014\/06\/Map-Camacuri-2-480x342.jpg\" alt=\"Mapa de Camacuri\" width=\"480\" height=\"342\" srcset=\"https:\/\/www.camacuri.com\/es\/wp-content\/uploads\/sites\/2\/2014\/06\/Map-Camacuri-2-480x342.jpg 480w, https:\/\/www.camacuri.com\/es\/wp-content\/uploads\/sites\/2\/2014\/06\/Map-Camacuri-2-1024x730.jpg 1024w, https:\/\/www.camacuri.com\/es\/wp-content\/uploads\/sites\/2\/2014\/06\/Map-Camacuri-2-400x285.jpg 400w, https:\/\/www.camacuri.com\/es\/wp-content\/uploads\/sites\/2\/2014\/06\/Map-Camacuri-2-500x356.jpg 500w, https:\/\/www.camacuri.com\/es\/wp-content\/uploads\/sites\/2\/2014\/06\/Map-Camacuri-2-600x428.jpg 600w, https:\/\/www.camacuri.com\/es\/wp-content\/uploads\/sites\/2\/2014\/06\/Map-Camacuri-2-700x499.jpg 700w, https:\/\/www.camacuri.com\/es\/wp-content\/uploads\/sites\/2\/2014\/06\/Map-Camacuri-2.jpg 1600w\" sizes=\"auto, (max-width: 480px) 100vw, 480px\" \/><\/a><p id=\"caption-attachment-207\" class=\"wp-caption-text\">Mapa del terreno y la ubicaci\u00f3n de los apartamentos.<\/p><\/div>\n<p>Camacuri Residence &amp; Apartments ha sido construido en los a\u00f1os ochenta del siglo pasado. Primeramente hab\u00edan 23 apartamentos: estudios y apartamentos de un dormitorio. La piscina quedaba entre estos apartamentos. M\u00e1s tarde, a principios de los 90, han sido construidos los lujosos apartamentos de uno y de dos dormitorios. La piscina ha sido trasladado al jardin tropical m\u00e1s amplio entre los nuevos apartamentos.<\/p>\n<p>Camacuri Residence &amp; Apartments actualmente consiste de 39 apartamentos. Los estudios y los apartamentos de una habitaci\u00f3n se encuentran en el patio y los apartamentos \u2018deluxe\u2019 de uno y los de dos dormitorios dan al jard\u00edn tropical con la piscina.<\/p>\n<p>El tama\u00f1o del \u00e1rea del complejo es m\u00e1s de 5000 m2.<\/p>\n<h2>Ubicaci\u00f3n<\/h2>\n<p>Camacuri Residence &amp; Apartments est\u00e1 situado central en Aruba. Queda justamente fuera del centro de la ciudad, por lo que es sorprendentemente muy tranquilo. Camacuri queda a pie a 10 minutos de una playa hermosa y acogedor (Nikky beach) y a 5 minutos de un supermercado, tiendas y parada de autob\u00fas. El centro de Oranjestad con sus centros comerciales y de vida nocturna est\u00e1 a 15 minutos a pie. El aeropuerto est\u00e1 a unos 5 minutos de distancia en coche.<\/p>\n<div class=\"map-wrap\"><iframe loading=\"lazy\" id=\"gmap\" style=\"border: 0;\" src=\"https:\/\/www.google.com\/maps\/embed?pb=!1m27!1m12!1m3!1d7790.238210811535!2d-70.0275133234087!3d12.508263695017519!2m3!1f0!2f0!3f0!3m2!1i1024!2i768!4f13.1!4m12!1i0!3e0!4m3!3m2!1d12.509020399999999!2d-70.02715839999999!4m5!1s0x8e8538c129021675%3A0x6619a09e8d43df10!2sCamacuri+Residence+%26+Apartments%2C+46+B+Avenida+Milio+Croes%2C+Oranjestad%2C+Aruba!3m2!1d12.511!2d-70.023296!5e0!3m2!1sen!2sus!4v1403097550131\" width=\"100%\" height=\"600\" frameborder=\"0\"><\/iframe><\/div>\n<h2>Responsabilidad social<\/h2>\n<p>En Camacuri intentamos ser lo m\u00e1s responsable posible con la energ\u00eda, el agua, los residuos, y muy en especial el personal. No pretendemos trabajar completamente sostenible, pero nos esforzamos todo lo posible para aprovechar de las posibilidades. Algunos ejemplos de c\u00f3mo trabajamos:<\/p>\n<ul>\n<li>Separamos los residuos &#8211; dentro de las posibilidades que Aruba ofrece para esto &#8211; y damos a nuestros hu\u00e9spedes la oportunidad de hacer lo mismo<\/li>\n<li>El agua residual purificada se utiliza para regar los jardines<\/li>\n<li>Animamos a los hu\u00e9spedes para usar las toallas m\u00e1s de una vez<\/li>\n<li>Aconsejamos a los hu\u00e9spedes a tomar el autob\u00fas; hay una parada de autob\u00fas cerca, desde donde se puede llegar a casi cualquier lugar de la isla<\/li>\n<li>Animamos a nuestros clientes a conservar el agua y la energ\u00eda, por ejemplo, apagar el aire acondicionado cuando salen.<\/li>\n<li>Creamos un ambiente de trabajo respetuoso y agradable para los empleados motivados y estamos abiertos para las sugerencias de los empleados<\/li>\n<li>Si es necesario, organizamos cursos de capacitaci\u00f3n para el personal que m\u00e1s lo necesite.<\/li>\n<\/ul>\n<p>Por supuesto hay oportunidades para trabajar lo m\u00e1s sostenible posible.<br \/>\nEstamos estudiando si es viable poner paneles solares, utilizamos productos de limpieza de modo respetuoso con el medio ambiente y colocamos luces con sensores de movimiento. Nosotros coloboramos a la vez con otros complejos de apartamentos en la isla, con la intenci\u00f3n de alcanzar ampliaci\u00f3n de la escala, entre otros en el \u00e1rea de la sostenibilidad.<\/p>\n<p>Nos complace trabajar con usted, nuestro hu\u00e9sped, para hacer Camacuri lo m\u00e1s sostenible posible.<\/p>\n<p>\u00bfTiene preguntas sobre Camacuri? Por favor <a href=\"\/contact\/\">contactenos<\/a>.<\/p>\n","protected":false},"excerpt":{"rendered":"<p>Historia de Camacuri Residence &amp; Apartments Camacuri Residence &amp; Apartments ha sido construido en los a\u00f1os ochenta del siglo pasado. Primeramente hab\u00edan 23 apartamentos: estudios y apartamentos de un dormitorio. La piscina quedaba entre estos apartamentos. M\u00e1s tarde, a principios de los 90, han sido construidos los lujosos apartamentos de uno y de dos dormitorios&#8230;. <a class=\"more-link\" href=\"https:\/\/www.camacuri.com\/es\/sobre-camacuri\/\">more <span>&raquo;<\/span><\/a><\/p>\n","protected":false},"author":1,"featured_media":286,"parent":0,"menu_order":0,"comment_status":"closed","ping_status":"closed","template":"","meta":{"footnotes":""},"class_list":["post-22","page","type-page","status-publish","has-post-thumbnail","hentry"],"_links":{"self":[{"href":"https:\/\/www.camacuri.com\/es\/wp-json\/wp\/v2\/pages\/22","targetHints":{"allow":["GET"]}}],"collection":[{"href":"https:\/\/www.camacuri.com\/es\/wp-json\/wp\/v2\/pages"}],"about":[{"href":"https:\/\/www.camacuri.com\/es\/wp-json\/wp\/v2\/types\/page"}],"author":[{"embeddable":true,"href":"https:\/\/www.camacuri.com\/es\/wp-json\/wp\/v2\/users\/1"}],"replies":[{"embeddable":true,"href":"https:\/\/www.camacuri.com\/es\/wp-json\/wp\/v2\/comments?post=22"}],"version-history":[{"count":12,"href":"https:\/\/www.camacuri.com\/es\/wp-json\/wp\/v2\/pages\/22\/revisions"}],"predecessor-version":[{"id":362,"href":"https:\/\/www.camacuri.com\/es\/wp-json\/wp\/v2\/pages\/22\/revisions\/362"}],"wp:featuredmedia":[{"embeddable":true,"href":"https:\/\/www.camacuri.com\/es\/wp-json\/wp\/v2\/media\/286"}],"wp:attachment":[{"href":"https:\/\/www.camacuri.com\/es\/wp-json\/wp\/v2\/media?parent=22"}],"curies":[{"name":"wp","href":"https:\/\/api.w.org\/{rel}","templated":true}]}}