{"id":19,"date":"2014-06-02T12:18:56","date_gmt":"2014-06-02T16:18:56","guid":{"rendered":"http:\/\/camacuri.caribmedia.com\/?page_id=19"},"modified":"2025-06-19T13:47:54","modified_gmt":"2025-06-19T17:47:54","slug":"nuestras-facilidades-y-servicios","status":"publish","type":"page","link":"https:\/\/www.camacuri.com\/es\/nuestras-facilidades-y-servicios\/","title":{"rendered":"Nuestras facilidades y servicios"},"content":{"rendered":"<p><a href=\"\/es\/nuestras-facilidades-y-servicios\/attachment\/img_0389-2\/\" rel=\"attachment wp-att-214\"><img loading=\"lazy\" decoding=\"async\" class=\"alignright size-medium wp-image-214\" src=\"\/es\/wp-content\/uploads\/sites\/2\/2014\/06\/IMG_03891-480x320.jpg\" alt=\"Camacuri\" width=\"480\" height=\"320\" srcset=\"https:\/\/www.camacuri.com\/es\/wp-content\/uploads\/sites\/2\/2014\/06\/IMG_03891-480x320.jpg 480w, https:\/\/www.camacuri.com\/es\/wp-content\/uploads\/sites\/2\/2014\/06\/IMG_03891-1024x682.jpg 1024w, https:\/\/www.camacuri.com\/es\/wp-content\/uploads\/sites\/2\/2014\/06\/IMG_03891-400x266.jpg 400w, https:\/\/www.camacuri.com\/es\/wp-content\/uploads\/sites\/2\/2014\/06\/IMG_03891-500x333.jpg 500w, https:\/\/www.camacuri.com\/es\/wp-content\/uploads\/sites\/2\/2014\/06\/IMG_03891-600x400.jpg 600w, https:\/\/www.camacuri.com\/es\/wp-content\/uploads\/sites\/2\/2014\/06\/IMG_03891-700x466.jpg 700w, https:\/\/www.camacuri.com\/es\/wp-content\/uploads\/sites\/2\/2014\/06\/IMG_03891.jpg 1600w\" sizes=\"auto, (max-width: 480px) 100vw, 480px\" \/><\/a>Nuestra recepci\u00f3n est\u00e1 abierta de lunes a viernes de 08.00 am- 06:00 pm. El s\u00e1bado desde las 8:00 am hasta la 1:00 pm. Despu\u00e9s estaremos aqu\u00ed s\u00f3lo en caso de salidas tardes y llegadas. Los domingos abrimos para llegadas y salidas.<\/p>\n<p>Llegada despu\u00e9s de lo anunciado es posible siempre y cuando nos lo haga saber de antemano.<\/p>\n<p>Durante la noche, las premisas est\u00e1n protegidos por un vigilante nocturno. Somos disponibles 24 horas por tel\u00e9fono.<br \/>\nNuestro amable personal est\u00e1 personalmente comprometido a asegurar que usted disfrute de su estad\u00eda con nosotros. Perm\u00edtenos servirle en la forma tradicional por la cual la isla de Aruba es mundialmente famoso.<\/p>\n<p>Para todas sus preguntas y solicitudes, por favor p\u00f3ngase en contacto con la recepci\u00f3n.<br \/>\nEl personal confirmar\u00e1 su reserva, har\u00e1 las reservaciones en el restaurante de su escogencia o le recomendar\u00e1 el tour de la Isla especialmente dise\u00f1ado a sus gustos.<\/p>\n<h2>Nuestras facilidades y servicios est\u00e1ndar incluyen:<\/h2>\n<ul>\n<li>Limpieza diaria (excepto los domingos y festivos)<\/li>\n<li>Wi-Fi gratuito<\/li>\n<li>24\/7 vigilancia con c\u00e1maras<\/li>\n<li>Llamadas telef\u00f3nicas locales gratuitas<\/li>\n<li>TV por cable<\/li>\n<li>M\u00e1quina de hielo<\/li>\n<li>El uso de la piscina, terraza solario con tumbonas y zona de pcina bar<\/li>\n<li>Aparcamiento vigilado<\/li>\n<li>Recepci\u00f3n de turno para sus reservas de alquiler de coches, restaurantes, excursiones<\/li>\n<li>Personal acogedor y multiling\u00fce<\/li>\n<li>Apartamentos donde es prohibido fumar<\/li>\n<li>Mini biblioteca<\/li>\n<\/ul>\n<h2>Servicios adicionales (de pago)<\/h2>\n<ul>\n<li>Paquete \u201cPlaya\u201d: sillas de playa, toallas y hielero<\/li>\n<li>El uso de lavadoras y secadoras (autoservicio)<\/li>\n<li>\u201cCheck-in\u201d temprano<\/li>\n<li>Salida tarde<\/li>\n<li>Cama adicional<\/li>\n<li>El uso del plancha, licuadora, olla arrocera, silla infantil y mucho m\u00e1s. Pregunte por las posibilidades!<\/li>\n<li>El uso de lavadoras y secadoras (autoservicio)<\/li>\n<li>Early check in<\/li>\n<li>Late check out<\/li>\n<li>El uso del hierro, licuadora, olla arrocera, trona y mucho m\u00e1s. Pregunte por las posibilidades!<\/li>\n<\/ul>\n\n\t\t<style type=\"text\/css\">\n\t\t\t#gallery-1 {\n\t\t\t\tmargin: auto;\n\t\t\t}\n\t\t\t#gallery-1 .gallery-item {\n\t\t\t\tfloat: left;\n\t\t\t\tmargin-top: 10px;\n\t\t\t\ttext-align: center;\n\t\t\t\twidth: 25%;\n\t\t\t}\n\t\t\t#gallery-1 img {\n\t\t\t\tborder: 2px solid #cfcfcf;\n\t\t\t}\n\t\t\t#gallery-1 .gallery-caption {\n\t\t\t\tmargin-left: 0;\n\t\t\t}\n\t\t\t\/* see gallery_shortcode() in wp-includes\/media.php *\/\n\t\t<\/style>\n\t\t<div id='gallery-1' class='gallery galleryid-19 gallery-columns-4 gallery-size-thumbnail'><dl class='gallery-item'>\n\t\t\t<dt class='gallery-icon landscape'>\n\t\t\t\t<a href='https:\/\/www.camacuri.com\/es\/wp-content\/uploads\/sites\/2\/2014\/06\/IMG_0241_1.jpg'><img loading=\"lazy\" decoding=\"async\" width=\"240\" height=\"240\" src=\"https:\/\/www.camacuri.com\/es\/wp-content\/uploads\/sites\/2\/2014\/06\/IMG_0241_1-240x240.jpg\" class=\"attachment-thumbnail size-thumbnail\" alt=\"\" srcset=\"https:\/\/www.camacuri.com\/es\/wp-content\/uploads\/sites\/2\/2014\/06\/IMG_0241_1-240x240.jpg 240w, https:\/\/www.camacuri.com\/es\/wp-content\/uploads\/sites\/2\/2014\/06\/IMG_0241_1-50x50.jpg 50w, https:\/\/www.camacuri.com\/es\/wp-content\/uploads\/sites\/2\/2014\/06\/IMG_0241_1-480x480.jpg 480w\" sizes=\"auto, (max-width: 240px) 100vw, 240px\" \/><\/a>\n\t\t\t<\/dt><\/dl><dl class='gallery-item'>\n\t\t\t<dt class='gallery-icon landscape'>\n\t\t\t\t<a href='https:\/\/www.camacuri.com\/es\/wp-content\/uploads\/sites\/2\/2014\/06\/IMG_9269.jpg'><img loading=\"lazy\" decoding=\"async\" width=\"240\" height=\"240\" src=\"https:\/\/www.camacuri.com\/es\/wp-content\/uploads\/sites\/2\/2014\/06\/IMG_9269-240x240.jpg\" class=\"attachment-thumbnail size-thumbnail\" alt=\"\" srcset=\"https:\/\/www.camacuri.com\/es\/wp-content\/uploads\/sites\/2\/2014\/06\/IMG_9269-240x240.jpg 240w, https:\/\/www.camacuri.com\/es\/wp-content\/uploads\/sites\/2\/2014\/06\/IMG_9269-50x50.jpg 50w, https:\/\/www.camacuri.com\/es\/wp-content\/uploads\/sites\/2\/2014\/06\/IMG_9269-480x480.jpg 480w\" sizes=\"auto, (max-width: 240px) 100vw, 240px\" \/><\/a>\n\t\t\t<\/dt><\/dl><dl class='gallery-item'>\n\t\t\t<dt class='gallery-icon landscape'>\n\t\t\t\t<a href='https:\/\/www.camacuri.com\/es\/wp-content\/uploads\/sites\/2\/2014\/06\/IMG_0367.jpg'><img loading=\"lazy\" decoding=\"async\" width=\"240\" height=\"240\" src=\"https:\/\/www.camacuri.com\/es\/wp-content\/uploads\/sites\/2\/2014\/06\/IMG_0367-240x240.jpg\" class=\"attachment-thumbnail size-thumbnail\" alt=\"\" srcset=\"https:\/\/www.camacuri.com\/es\/wp-content\/uploads\/sites\/2\/2014\/06\/IMG_0367-240x240.jpg 240w, https:\/\/www.camacuri.com\/es\/wp-content\/uploads\/sites\/2\/2014\/06\/IMG_0367-50x50.jpg 50w, https:\/\/www.camacuri.com\/es\/wp-content\/uploads\/sites\/2\/2014\/06\/IMG_0367-480x480.jpg 480w\" sizes=\"auto, (max-width: 240px) 100vw, 240px\" \/><\/a>\n\t\t\t<\/dt><\/dl>\n\t\t\t<br style='clear: both' \/>\n\t\t<\/div>\n\n","protected":false},"excerpt":{"rendered":"<p>Nuestra recepci\u00f3n est\u00e1 abierta de lunes a viernes de 08.00 am- 06:00 pm. El s\u00e1bado desde las 8:00 am hasta la 1:00 pm. Despu\u00e9s estaremos aqu\u00ed s\u00f3lo en caso de salidas tardes y llegadas. Los domingos abrimos para llegadas y salidas. Llegada despu\u00e9s de lo anunciado es posible siempre y cuando nos lo haga saber&#8230; <a class=\"more-link\" href=\"https:\/\/www.camacuri.com\/es\/nuestras-facilidades-y-servicios\/\">more <span>&raquo;<\/span><\/a><\/p>\n","protected":false},"author":1,"featured_media":309,"parent":0,"menu_order":0,"comment_status":"closed","ping_status":"closed","template":"","meta":{"footnotes":""},"class_list":["post-19","page","type-page","status-publish","has-post-thumbnail","hentry"],"_links":{"self":[{"href":"https:\/\/www.camacuri.com\/es\/wp-json\/wp\/v2\/pages\/19","targetHints":{"allow":["GET"]}}],"collection":[{"href":"https:\/\/www.camacuri.com\/es\/wp-json\/wp\/v2\/pages"}],"about":[{"href":"https:\/\/www.camacuri.com\/es\/wp-json\/wp\/v2\/types\/page"}],"author":[{"embeddable":true,"href":"https:\/\/www.camacuri.com\/es\/wp-json\/wp\/v2\/users\/1"}],"replies":[{"embeddable":true,"href":"https:\/\/www.camacuri.com\/es\/wp-json\/wp\/v2\/comments?post=19"}],"version-history":[{"count":15,"href":"https:\/\/www.camacuri.com\/es\/wp-json\/wp\/v2\/pages\/19\/revisions"}],"predecessor-version":[{"id":425,"href":"https:\/\/www.camacuri.com\/es\/wp-json\/wp\/v2\/pages\/19\/revisions\/425"}],"wp:featuredmedia":[{"embeddable":true,"href":"https:\/\/www.camacuri.com\/es\/wp-json\/wp\/v2\/media\/309"}],"wp:attachment":[{"href":"https:\/\/www.camacuri.com\/es\/wp-json\/wp\/v2\/media?parent=19"}],"curies":[{"name":"wp","href":"https:\/\/api.w.org\/{rel}","templated":true}]}}