{"id":15,"date":"2014-06-02T12:11:58","date_gmt":"2014-06-02T16:11:58","guid":{"rendered":"http:\/\/camacuri.caribmedia.com\/?page_id=15"},"modified":"2025-08-26T10:46:29","modified_gmt":"2025-08-26T14:46:29","slug":"tarifas-de-nuestros-apartamentos","status":"publish","type":"page","link":"https:\/\/www.camacuri.com\/es\/tarifas-de-nuestros-apartamentos\/","title":{"rendered":"Tarifas de nuestros apartamentos"},"content":{"rendered":"<p><strong>En Camacuri Residence y Apartments Aruba usted se aloja a buen precio en apartamentos confortables y completamente equipados. Experim\u00e9ntalo por usted mismo!<\/strong><\/p>\n\n\t\t<style type=\"text\/css\">\n\t\t\t#gallery-1 {\n\t\t\t\tmargin: auto;\n\t\t\t}\n\t\t\t#gallery-1 .gallery-item {\n\t\t\t\tfloat: left;\n\t\t\t\tmargin-top: 10px;\n\t\t\t\ttext-align: center;\n\t\t\t\twidth: 25%;\n\t\t\t}\n\t\t\t#gallery-1 img {\n\t\t\t\tborder: 2px solid #cfcfcf;\n\t\t\t}\n\t\t\t#gallery-1 .gallery-caption {\n\t\t\t\tmargin-left: 0;\n\t\t\t}\n\t\t\t\/* see gallery_shortcode() in wp-includes\/media.php *\/\n\t\t<\/style>\n\t\t<div id='gallery-1' class='gallery galleryid-15 gallery-columns-4 gallery-size-thumbnail'><dl class='gallery-item'>\n\t\t\t<dt class='gallery-icon landscape'>\n\t\t\t\t<a href='https:\/\/www.camacuri.com\/es\/wp-content\/uploads\/sites\/2\/2014\/06\/IMG_9254_1.jpg'><img loading=\"lazy\" decoding=\"async\" width=\"240\" height=\"240\" src=\"https:\/\/www.camacuri.com\/es\/wp-content\/uploads\/sites\/2\/2014\/06\/IMG_9254_1-240x240.jpg\" class=\"attachment-thumbnail size-thumbnail\" alt=\"\" srcset=\"https:\/\/www.camacuri.com\/es\/wp-content\/uploads\/sites\/2\/2014\/06\/IMG_9254_1-240x240.jpg 240w, https:\/\/www.camacuri.com\/es\/wp-content\/uploads\/sites\/2\/2014\/06\/IMG_9254_1-50x50.jpg 50w, https:\/\/www.camacuri.com\/es\/wp-content\/uploads\/sites\/2\/2014\/06\/IMG_9254_1-480x480.jpg 480w\" sizes=\"auto, (max-width: 240px) 100vw, 240px\" \/><\/a>\n\t\t\t<\/dt><\/dl><dl class='gallery-item'>\n\t\t\t<dt class='gallery-icon landscape'>\n\t\t\t\t<a href='https:\/\/www.camacuri.com\/es\/wp-content\/uploads\/sites\/2\/2014\/06\/IMG_0307_1.jpg'><img loading=\"lazy\" decoding=\"async\" width=\"240\" height=\"240\" src=\"https:\/\/www.camacuri.com\/es\/wp-content\/uploads\/sites\/2\/2014\/06\/IMG_0307_1-240x240.jpg\" class=\"attachment-thumbnail size-thumbnail\" alt=\"\" srcset=\"https:\/\/www.camacuri.com\/es\/wp-content\/uploads\/sites\/2\/2014\/06\/IMG_0307_1-240x240.jpg 240w, https:\/\/www.camacuri.com\/es\/wp-content\/uploads\/sites\/2\/2014\/06\/IMG_0307_1-50x50.jpg 50w, https:\/\/www.camacuri.com\/es\/wp-content\/uploads\/sites\/2\/2014\/06\/IMG_0307_1-480x480.jpg 480w\" sizes=\"auto, (max-width: 240px) 100vw, 240px\" \/><\/a>\n\t\t\t<\/dt><\/dl><dl class='gallery-item'>\n\t\t\t<dt class='gallery-icon landscape'>\n\t\t\t\t<a href='https:\/\/www.camacuri.com\/es\/wp-content\/uploads\/sites\/2\/2014\/06\/IMG_0392.jpg'><img loading=\"lazy\" decoding=\"async\" width=\"240\" height=\"240\" src=\"https:\/\/www.camacuri.com\/es\/wp-content\/uploads\/sites\/2\/2014\/06\/IMG_0392-240x240.jpg\" class=\"attachment-thumbnail size-thumbnail\" alt=\"\" srcset=\"https:\/\/www.camacuri.com\/es\/wp-content\/uploads\/sites\/2\/2014\/06\/IMG_0392-240x240.jpg 240w, https:\/\/www.camacuri.com\/es\/wp-content\/uploads\/sites\/2\/2014\/06\/IMG_0392-50x50.jpg 50w, https:\/\/www.camacuri.com\/es\/wp-content\/uploads\/sites\/2\/2014\/06\/IMG_0392-480x480.jpg 480w\" sizes=\"auto, (max-width: 240px) 100vw, 240px\" \/><\/a>\n\t\t\t<\/dt><\/dl><dl class='gallery-item'>\n\t\t\t<dt class='gallery-icon landscape'>\n\t\t\t\t<a href='https:\/\/www.camacuri.com\/es\/wp-content\/uploads\/sites\/2\/2014\/06\/IMG_02951.jpg'><img loading=\"lazy\" decoding=\"async\" width=\"240\" height=\"240\" src=\"https:\/\/www.camacuri.com\/es\/wp-content\/uploads\/sites\/2\/2014\/06\/IMG_02951-240x240.jpg\" class=\"attachment-thumbnail size-thumbnail\" alt=\"\" srcset=\"https:\/\/www.camacuri.com\/es\/wp-content\/uploads\/sites\/2\/2014\/06\/IMG_02951-240x240.jpg 240w, https:\/\/www.camacuri.com\/es\/wp-content\/uploads\/sites\/2\/2014\/06\/IMG_02951-50x50.jpg 50w, https:\/\/www.camacuri.com\/es\/wp-content\/uploads\/sites\/2\/2014\/06\/IMG_02951-480x480.jpg 480w\" sizes=\"auto, (max-width: 240px) 100vw, 240px\" \/><\/a>\n\t\t\t<\/dt><\/dl><br style=\"clear: both\" \/>\n\t\t<\/div>\n\n<p><strong>Precios de apartamentos son por noche en US$ d\u00f3lares<\/strong><\/p>\n<h2>TEMPORADA BAJA<\/h2>\n<h3>Abril 1 &#8211; Diciembre 15, 2025<\/h3>\n<table>\n<tbody>\n<tr>\n<th><\/th>\n<th>Precios<\/th>\n<th>Capacidad<\/th>\n<\/tr>\n<tr>\n<td><strong>Apartamento estudio<\/strong><\/td>\n<td>$125<\/td>\n<td><strong>2 personas<\/strong><\/td>\n<\/tr>\n<tr>\n<td><strong>Apartamento de un dormitorio<\/strong><\/td>\n<td>$135<\/td>\n<td><strong>2 personas<\/strong><\/td>\n<\/tr>\n<tr>\n<td><strong>Apartamento de un domitorio deluxe<\/strong><\/td>\n<td>$150<\/td>\n<td><strong>2 personas<\/strong><\/td>\n<\/tr>\n<tr>\n<td><strong>Apartamento de dos domitorios<\/strong><\/td>\n<td>$175<\/td>\n<td><strong>4 personas<\/strong><\/td>\n<\/tr>\n<tr>\n<td><strong>Cama adicional (por noche)<\/strong><\/td>\n<td>$25<\/td>\n<td><\/td>\n<\/tr>\n<\/tbody>\n<\/table>\n<h2>TEMPORADA ALTA<\/h2>\n<h3>Diciembre 15, 2025 &#8211; Marzo 31, 2026<\/h3>\n<table>\n<tbody>\n<tr>\n<th><\/th>\n<th>Precios<\/th>\n<th>Capacidad<\/th>\n<\/tr>\n<tr>\n<td><strong>Apartamento estudio<\/strong><\/td>\n<td>$135<\/td>\n<td><strong>2 personas<\/strong><\/td>\n<\/tr>\n<tr>\n<td><strong>Apartamento de un dormitorio<\/strong><\/td>\n<td>$145<\/td>\n<td><strong>2 personas<\/strong><\/td>\n<\/tr>\n<tr>\n<td><strong>Apartamento de un domitorio deluxe<\/strong><\/td>\n<td>$160<\/td>\n<td><strong>2 personas<\/strong><\/td>\n<\/tr>\n<tr>\n<td><strong>Apartamento de dos domitorios<\/strong><\/td>\n<td>$185<\/td>\n<td><strong>4 personas<\/strong><\/td>\n<\/tr>\n<tr>\n<td><strong>Cama adicional (por noche)<\/strong><\/td>\n<td>$25<\/td>\n<td><\/td>\n<\/tr>\n<\/tbody>\n<\/table>\n<h2>C\u00f3mo hacer una reservaci\u00f3n<\/h2>\n<ul>\n<li>Por favor, <a href=\"https:\/\/live.ipms247.com\/booking\/book-rooms-camacuriresidenceapartments\">haga su reserva aqu\u00ed<\/a> o llame al <a class=\"tel\" href=\"+2975826805\">+(297) 582-6805<\/a>.<\/li>\n<li>Usted recibir\u00e1 nuestra respuesta dentro de 24 horas, con los detalles del pago.<\/li>\n<li>Para realizar su reservaci\u00f3n definitiva se requiere un dep\u00f3sito de $ 200, -, a ser pagado con tarjeta de cr\u00e9dito.<\/li>\n<li>Le confirmaremos su reservaci\u00f3n dentro de 24 horas despu\u00e9s de la recepci\u00f3n de su dep\u00f3sito.<\/li>\n<\/ul>\n<p><em>Los precios incluyen los impuestos Arubanos<\/em><br \/>\n<em>Precios cotizados en d\u00f3lares americanos (USD) y est\u00e1n sujetos a cambios sin previo aviso. En nuestra confirmaci\u00f3n, le daremos cotizaci\u00f3n final de su estadia.<\/em><\/p>\n","protected":false},"excerpt":{"rendered":"<p>En Camacuri Residence y Apartments Aruba usted se aloja a buen precio en apartamentos confortables y completamente equipados. Experim\u00e9ntalo por usted mismo! Precios de apartamentos son por noche en US$ d\u00f3lares TEMPORADA BAJA Abril 1 &#8211; Diciembre 15, 2025 Precios Capacidad Apartamento estudio $125 2 personas Apartamento de un dormitorio $135 2 personas Apartamento de&#8230; <a class=\"more-link\" href=\"https:\/\/www.camacuri.com\/es\/tarifas-de-nuestros-apartamentos\/\">more <span>&raquo;<\/span><\/a><\/p>\n","protected":false},"author":1,"featured_media":302,"parent":0,"menu_order":0,"comment_status":"closed","ping_status":"closed","template":"","meta":{"footnotes":""},"class_list":["post-15","page","type-page","status-publish","has-post-thumbnail","hentry"],"_links":{"self":[{"href":"https:\/\/www.camacuri.com\/es\/wp-json\/wp\/v2\/pages\/15","targetHints":{"allow":["GET"]}}],"collection":[{"href":"https:\/\/www.camacuri.com\/es\/wp-json\/wp\/v2\/pages"}],"about":[{"href":"https:\/\/www.camacuri.com\/es\/wp-json\/wp\/v2\/types\/page"}],"author":[{"embeddable":true,"href":"https:\/\/www.camacuri.com\/es\/wp-json\/wp\/v2\/users\/1"}],"replies":[{"embeddable":true,"href":"https:\/\/www.camacuri.com\/es\/wp-json\/wp\/v2\/comments?post=15"}],"version-history":[{"count":19,"href":"https:\/\/www.camacuri.com\/es\/wp-json\/wp\/v2\/pages\/15\/revisions"}],"predecessor-version":[{"id":428,"href":"https:\/\/www.camacuri.com\/es\/wp-json\/wp\/v2\/pages\/15\/revisions\/428"}],"wp:featuredmedia":[{"embeddable":true,"href":"https:\/\/www.camacuri.com\/es\/wp-json\/wp\/v2\/media\/302"}],"wp:attachment":[{"href":"https:\/\/www.camacuri.com\/es\/wp-json\/wp\/v2\/media?parent=15"}],"curies":[{"name":"wp","href":"https:\/\/api.w.org\/{rel}","templated":true}]}}