{"id":125,"date":"2014-06-04T11:02:43","date_gmt":"2014-06-04T15:02:43","guid":{"rendered":"http:\/\/camacuri.caribmedia.com\/?page_id=125"},"modified":"2022-10-31T15:01:24","modified_gmt":"2022-10-31T19:01:24","slug":"contacto","status":"publish","type":"page","link":"https:\/\/www.camacuri.com\/es\/contacto\/","title":{"rendered":"Cont\u00e1ctenos"},"content":{"rendered":"<div class=\"col cols6 first\">Para ponerse en contacto con Camacuri, por favor utilice el siguiente formulario;<br \/>\nPara reservaciones, por favor <a title=\"Reservations\" href=\"\/es\/reservas\/\">haga su reserva aqu\u00ed<\/a>.<br \/>\nTambi\u00e9n puede enviarnos un email a <em>info@camacuri.com<\/em> o llame al <a href=\"tel:+2975826805\">+297 582-6805<\/a><\/p>\n<h2>Direcci\u00f3n<\/h2>\n<p>Avenida Milio Croes 46B<br \/>\nOranjestad, Aruba<br \/>\nPhone: <a href=\"tel:+2975826805\">+297 582-6805<\/a><br \/>\nWhatsApp: <a href=\"https:\/\/wa.link\/4hfksg\">+(297) 582-6805<\/a><br \/>\nTelegram: +(297) 582-6805<br \/>\nEmail: <a href=\"mailto:info@camacuri.com\">info@camacuri.com<\/a><\/p>\n<h2>Horas de apertura<\/h2>\n<p>Nuestra recepci\u00f3n est\u00e1 abierta de <em>lunes a viernes de 07.00 am &#8211; 06:00 pm<\/em>. El <em>s\u00e1bado desde las 8:00 am hasta la 1:00 pm<\/em>. Despu\u00e9s estaremos aqu\u00ed s\u00f3lo en caso de salidas tardes y llegadas. Los domingos abrimos para llegadas y salidas.<\/p>\n<div class=\"map-wrap\"><iframe loading=\"lazy\" id=\"gmap\" style=\"border: 0;\" src=\"https:\/\/www.google.com\/maps\/embed?pb=!1m27!1m12!1m3!1d7790.238210811535!2d-70.0275133234087!3d12.508263695017519!2m3!1f0!2f0!3f0!3m2!1i1024!2i768!4f13.1!4m12!1i0!3e0!4m3!3m2!1d12.509020399999999!2d-70.02715839999999!4m5!1s0x8e8538c129021675%3A0x6619a09e8d43df10!2sCamacuri+Residence+%26+Apartments%2C+46+B+Avenida+Milio+Croes%2C+Oranjestad%2C+Aruba!3m2!1d12.511!2d-70.023296!5e0!3m2!1sen!2sus!4v1403097550131\" width=\"100%\" height=\"600\" frameborder=\"0\"><\/iframe><\/div>\n<\/div>\n<div class=\"col cols6 second\">\n[insert-cmform form_location=&#8221;es_contactForm.php&#8221; identification_number=&#8221;0&#8243;]<\/div>\n","protected":false},"excerpt":{"rendered":"<p>Para ponerse en contacto con Camacuri, por favor utilice el siguiente formulario; Para reservaciones, por favor haga su reserva aqu\u00ed. Tambi\u00e9n puede enviarnos un email a info@camacuri.com o llame al +297 582-6805 Direcci\u00f3n Avenida Milio Croes 46B Oranjestad, Aruba Phone: +297 582-6805 WhatsApp: +(297) 582-6805 Telegram: +(297) 582-6805 Email: info@camacuri.com Horas de apertura Nuestra recepci\u00f3n&#8230; <a class=\"more-link\" href=\"https:\/\/www.camacuri.com\/es\/contacto\/\">more <span>&raquo;<\/span><\/a><\/p>\n","protected":false},"author":1,"featured_media":324,"parent":0,"menu_order":0,"comment_status":"closed","ping_status":"closed","template":"page-nocta.php","meta":{"footnotes":""},"class_list":["post-125","page","type-page","status-publish","has-post-thumbnail","hentry"],"_links":{"self":[{"href":"https:\/\/www.camacuri.com\/es\/wp-json\/wp\/v2\/pages\/125","targetHints":{"allow":["GET"]}}],"collection":[{"href":"https:\/\/www.camacuri.com\/es\/wp-json\/wp\/v2\/pages"}],"about":[{"href":"https:\/\/www.camacuri.com\/es\/wp-json\/wp\/v2\/types\/page"}],"author":[{"embeddable":true,"href":"https:\/\/www.camacuri.com\/es\/wp-json\/wp\/v2\/users\/1"}],"replies":[{"embeddable":true,"href":"https:\/\/www.camacuri.com\/es\/wp-json\/wp\/v2\/comments?post=125"}],"version-history":[{"count":16,"href":"https:\/\/www.camacuri.com\/es\/wp-json\/wp\/v2\/pages\/125\/revisions"}],"predecessor-version":[{"id":414,"href":"https:\/\/www.camacuri.com\/es\/wp-json\/wp\/v2\/pages\/125\/revisions\/414"}],"wp:featuredmedia":[{"embeddable":true,"href":"https:\/\/www.camacuri.com\/es\/wp-json\/wp\/v2\/media\/324"}],"wp:attachment":[{"href":"https:\/\/www.camacuri.com\/es\/wp-json\/wp\/v2\/media?parent=125"}],"curies":[{"name":"wp","href":"https:\/\/api.w.org\/{rel}","templated":true}]}}